{"id":7226,"date":"2024-02-14T14:20:03","date_gmt":"2024-02-14T19:20:03","guid":{"rendered":"https:\/\/noreacapital.ca\/team\/francois-duchesneau\/"},"modified":"2024-03-22T11:57:51","modified_gmt":"2024-03-22T15:57:51","slug":"francois-duchesneau","status":"publish","type":"page","link":"https:\/\/noreacapital.ca\/en\/team\/francois-duchesneau\/","title":{"rendered":"Fran\u00e7ois Duchesneau"},"content":{"rendered":"<style>.elementor-7226 .elementor-element.elementor-element-5a66025 > .elementor-container{max-width:1500px;}.elementor-7226 .elementor-element.elementor-element-5a66025:not(.elementor-motion-effects-element-type-background), .elementor-7226 .elementor-element.elementor-element-5a66025 > .elementor-motion-effects-container > .elementor-motion-effects-layer{background-color:#F6F7F9;}.elementor-7226 .elementor-element.elementor-element-5a66025{transition:background 0.3s, border 0.3s, border-radius 0.3s, box-shadow 0.3s;margin-top:0px;margin-bottom:0px;padding:200px 030px 0150px 30px;}.elementor-7226 .elementor-element.elementor-element-5a66025 > .elementor-background-overlay{transition:background 0.3s, border-radius 0.3s, opacity 0.3s;}.elementor-7226 .elementor-element.elementor-element-1a2865e > .elementor-element-populated{padding:0px 0px 0px 0px;}.elementor-7226 .elementor-element.elementor-element-915ac3a{text-align:center;}.elementor-7226 .elementor-element.elementor-element-915ac3a img{width:80%;max-width:80%;}.elementor-7226 .elementor-element.elementor-element-ecffd4c > .elementor-element-populated{padding:0px 0px 0px 0px;}.elementor-7226 .elementor-element.elementor-element-f473411 > .elementor-widget-container{margin:0px 0px -10px 0px;}.elementor-7226 .elementor-element.elementor-element-e21dc7f .elementor-heading-title{font-size:35px;font-weight:500;color:#000000;}.elementor-7226 .elementor-element.elementor-element-e21dc7f > .elementor-widget-container{margin:-10px 0px 0px 0px;}.elementor-7226 .elementor-element.elementor-element-d69e398 > .elementor-widget-container{margin:0px 0px 0px 0px;}.elementor-7226 .elementor-element.elementor-element-884c552{--grid-template-columns:repeat(0, auto);--icon-size:18px;--grid-column-gap:5px;--grid-row-gap:0px;}.elementor-7226 .elementor-element.elementor-element-884c552 .elementor-widget-container{text-align:left;}.elementor-7226 .elementor-element.elementor-element-884c552 .elementor-social-icon{background-color:var( --e-global-color-458aa97 );--icon-padding:0.5em;}.elementor-7226 .elementor-element.elementor-element-884c552 .elementor-social-icon:hover{background-color:var( --e-global-color-primary );}@media(max-width:1024px){.elementor-7226 .elementor-element.elementor-element-5a66025{padding:120px 30px 120px 30px;}.elementor-7226 .elementor-element.elementor-element-1a2865e > .elementor-element-populated{padding:0px 0px 50px 0px;}.elementor-7226 .elementor-element.elementor-element-915ac3a img{width:50%;max-width:50%;}.elementor-7226 .elementor-element.elementor-element-f473411{text-align:center;}.elementor-7226 .elementor-element.elementor-element-f473411 > .elementor-widget-container{margin:0px 0px -10px 0px;}.elementor-7226 .elementor-element.elementor-element-e21dc7f{text-align:center;}.elementor-7226 .elementor-element.elementor-element-e21dc7f .elementor-heading-title{font-size:25px;}.elementor-7226 .elementor-element.elementor-element-d69e398 > .elementor-widget-container{margin:20px 0px 0px 0px;}}@media(max-width:767px){.elementor-7226 .elementor-element.elementor-element-5a66025{padding:100px 20px 100px 20px;}.elementor-7226 .elementor-element.elementor-element-915ac3a img{width:65%;max-width:65%;}.elementor-7226 .elementor-element.elementor-element-ecffd4c > .elementor-element-populated{padding:0px 0px 0px 0px;}.elementor-7226 .elementor-element.elementor-element-e21dc7f .elementor-heading-title{font-size:20px;}.elementor-7226 .elementor-element.elementor-element-e21dc7f > .elementor-widget-container{margin:0px 0px 0px 0px;}}@media(min-width:768px){.elementor-7226 .elementor-element.elementor-element-1a2865e{width:50%;}.elementor-7226 .elementor-element.elementor-element-ecffd4c{width:50%;}}@media(max-width:1024px) and (min-width:768px){.elementor-7226 .elementor-element.elementor-element-1a2865e{width:100%;}.elementor-7226 .elementor-element.elementor-element-ecffd4c{width:100%;}}<\/style>\t\t<div data-elementor-type=\"wp-page\" data-elementor-id=\"7226\" class=\"elementor elementor-7226 elementor-7075\" data-elementor-post-type=\"page\">\n\t\t\t\t\t\t<section class=\"elementor-section elementor-top-section elementor-element elementor-element-5a66025 elementor-section-boxed elementor-section-height-default elementor-section-height-default\" data-id=\"5a66025\" data-element_type=\"section\" data-e-type=\"section\" data-settings=\"{&quot;background_background&quot;:&quot;classic&quot;}\">\n\t\t\t\t\t\t<div class=\"elementor-container elementor-column-gap-no\">\n\t\t\t\t\t<div class=\"elementor-column elementor-col-50 elementor-top-column elementor-element elementor-element-1a2865e\" data-id=\"1a2865e\" data-element_type=\"column\" data-e-type=\"column\">\n\t\t\t<div class=\"elementor-widget-wrap elementor-element-populated\">\n\t\t\t\t\t\t<div class=\"elementor-element elementor-element-915ac3a elementor-widget elementor-widget-image\" data-id=\"915ac3a\" data-element_type=\"widget\" data-e-type=\"widget\" data-widget_type=\"image.default\">\n\t\t\t\t<div class=\"elementor-widget-container\">\n\t\t\t\t\t\t\t\t\t\t\t\t\t\t\t<img fetchpriority=\"high\" decoding=\"async\" width=\"681\" height=\"1024\" src=\"https:\/\/noreacapital.ca\/wp-content\/uploads\/2024\/02\/Francois_Duchesneau-long-681x1024.jpg\" class=\"attachment-large size-large wp-image-7077\" alt=\"\" srcset=\"https:\/\/noreacapital.ca\/wp-content\/uploads\/2024\/02\/Francois_Duchesneau-long-681x1024.jpg 681w, https:\/\/noreacapital.ca\/wp-content\/uploads\/2024\/02\/Francois_Duchesneau-long-200x300.jpg 200w, https:\/\/noreacapital.ca\/wp-content\/uploads\/2024\/02\/Francois_Duchesneau-long-768x1155.jpg 768w, https:\/\/noreacapital.ca\/wp-content\/uploads\/2024\/02\/Francois_Duchesneau-long-1022x1536.jpg 1022w, https:\/\/noreacapital.ca\/wp-content\/uploads\/2024\/02\/Francois_Duchesneau-long-1362x2048.jpg 1362w, https:\/\/noreacapital.ca\/wp-content\/uploads\/2024\/02\/Francois_Duchesneau-long-scaled.jpg 1703w\" sizes=\"(max-width: 681px) 100vw, 681px\" \/>\t\t\t\t\t\t\t\t\t\t\t\t\t\t\t<\/div>\n\t\t\t\t<\/div>\n\t\t\t\t\t<\/div>\n\t\t<\/div>\n\t\t\t\t<div class=\"elementor-column elementor-col-50 elementor-top-column elementor-element elementor-element-ecffd4c\" data-id=\"ecffd4c\" data-element_type=\"column\" data-e-type=\"column\">\n\t\t\t<div class=\"elementor-widget-wrap elementor-element-populated\">\n\t\t\t\t\t\t<div class=\"elementor-element elementor-element-f473411 elementor-widget elementor-widget-heading\" data-id=\"f473411\" data-element_type=\"widget\" data-e-type=\"widget\" data-widget_type=\"heading.default\">\n\t\t\t\t<div class=\"elementor-widget-container\">\n\t\t\t\t\t<h2 class=\"elementor-heading-title elementor-size-default\">Fran\u00e7ois Duchesneau<\/h2>\t\t\t\t<\/div>\n\t\t\t\t<\/div>\n\t\t\t\t<div class=\"elementor-element elementor-element-e21dc7f elementor-widget elementor-widget-heading\" data-id=\"e21dc7f\" data-element_type=\"widget\" data-e-type=\"widget\" data-widget_type=\"heading.default\">\n\t\t\t\t<div class=\"elementor-widget-container\">\n\t\t\t\t\t<h3 class=\"elementor-heading-title elementor-size-default\">Chief Financial Officer<\/h3>\t\t\t\t<\/div>\n\t\t\t\t<\/div>\n\t\t\t\t<div class=\"elementor-element elementor-element-d69e398 elementor-widget elementor-widget-text-editor\" data-id=\"d69e398\" data-element_type=\"widget\" data-e-type=\"widget\" data-widget_type=\"text-editor.default\">\n\t\t\t\t<div class=\"elementor-widget-container\">\n\t\t\t\t\t\t\t\t\t<p>Fran\u00e7ois has over 25 years of experience in accounting, financial and strategic management, treasury, and financing. Fran\u00e7ois oversees all financial information activities of Norea, as well as investor relations.<\/p><p>Before joining Norea, Fran\u00e7ois served as Director of Finance and Administration at Novacap. He previously held financial management positions in various companies, as well as consulting positions in various accounting firms.<\/p><p>Fran\u00e7ois is a CPA and graduated from the Universit\u00e9 du Qu\u00e9bec \u00e0 Trois-Rivi\u00e8res.<\/p>\t\t\t\t\t\t\t\t<\/div>\n\t\t\t\t<\/div>\n\t\t\t\t<div class=\"elementor-element elementor-element-884c552 e-grid-align-left elementor-shape-rounded elementor-grid-0 elementor-widget elementor-widget-social-icons\" data-id=\"884c552\" data-element_type=\"widget\" data-e-type=\"widget\" data-widget_type=\"social-icons.default\">\n\t\t\t\t<div class=\"elementor-widget-container\">\n\t\t\t\t\t\t\t<div class=\"elementor-social-icons-wrapper elementor-grid\">\n\t\t\t\t\t\t\t<span class=\"elementor-grid-item\">\n\t\t\t\t\t<a class=\"elementor-icon elementor-social-icon elementor-social-icon-linkedin-in elementor-repeater-item-b61f5e5\" href=\"https:\/\/www.linkedin.com\/in\/francoisduchesneau1\/\" target=\"_blank\">\n\t\t\t\t\t\t<span class=\"elementor-screen-only\">Linkedin-in<\/span>\n\t\t\t\t\t\t<i aria-hidden=\"true\" class=\"fab fa-linkedin-in\"><\/i>\t\t\t\t\t<\/a>\n\t\t\t\t<\/span>\n\t\t\t\t\t<\/div>\n\t\t\t\t\t\t<\/div>\n\t\t\t\t<\/div>\n\t\t\t\t\t<\/div>\n\t\t<\/div>\n\t\t\t\t\t<\/div>\n\t\t<\/section>\n\t\t\t\t<\/div>\n\t\t","protected":false},"excerpt":{"rendered":"<p>Fran\u00e7ois Duchesneau Chief Financial Officer Fran\u00e7ois has over 25 years of experience in accounting, financial and strategic management, treasury, and financing. Fran\u00e7ois oversees all financial information activities of Norea, as well as investor relations. Before joining Norea, Fran\u00e7ois served as Director of Finance and Administration at Novacap. He previously held financial management positions in various [&hellip;]<\/p>\n","protected":false},"author":2,"featured_media":0,"parent":7208,"menu_order":0,"comment_status":"closed","ping_status":"closed","template":"","meta":{"site-sidebar-layout":"no-sidebar","site-content-layout":"page-builder","ast-site-content-layout":"full-width-container","site-content-style":"default","site-sidebar-style":"default","ast-global-header-display":"","ast-banner-title-visibility":"","ast-main-header-display":"","ast-hfb-above-header-display":"","ast-hfb-below-header-display":"","ast-hfb-mobile-header-display":"","site-post-title":"disabled","ast-breadcrumbs-content":"","ast-featured-img":"disabled","footer-sml-layout":"","ast-disable-related-posts":"","theme-transparent-header-meta":"default","adv-header-id-meta":"","stick-header-meta":"default","header-above-stick-meta":"","header-main-stick-meta":"","header-below-stick-meta":"","astra-migrate-meta-layouts":"set","ast-page-background-enabled":"default","ast-page-background-meta":{"desktop":{"background-color":"","background-image":"","background-repeat":"repeat","background-position":"center center","background-size":"auto","background-attachment":"scroll","background-type":"","background-media":"","overlay-type":"","overlay-color":"","overlay-opacity":"","overlay-gradient":""},"tablet":{"background-color":"","background-image":"","background-repeat":"repeat","background-position":"center center","background-size":"auto","background-attachment":"scroll","background-type":"","background-media":"","overlay-type":"","overlay-color":"","overlay-opacity":"","overlay-gradient":""},"mobile":{"background-color":"","background-image":"","background-repeat":"repeat","background-position":"center center","background-size":"auto","background-attachment":"scroll","background-type":"","background-media":"","overlay-type":"","overlay-color":"","overlay-opacity":"","overlay-gradient":""}},"ast-content-background-meta":{"desktop":{"background-color":"var(--ast-global-color-5)","background-image":"","background-repeat":"repeat","background-position":"center center","background-size":"auto","background-attachment":"scroll","background-type":"","background-media":"","overlay-type":"","overlay-color":"","overlay-opacity":"","overlay-gradient":""},"tablet":{"background-color":"var(--ast-global-color-5)","background-image":"","background-repeat":"repeat","background-position":"center center","background-size":"auto","background-attachment":"scroll","background-type":"","background-media":"","overlay-type":"","overlay-color":"","overlay-opacity":"","overlay-gradient":""},"mobile":{"background-color":"var(--ast-global-color-5)","background-image":"","background-repeat":"repeat","background-position":"center center","background-size":"auto","background-attachment":"scroll","background-type":"","background-media":"","overlay-type":"","overlay-color":"","overlay-opacity":"","overlay-gradient":""}},"footnotes":""},"class_list":["post-7226","page","type-page","status-publish","hentry","ast-col-sm-12","ast-article-post","ast-col-md-12","ast-archive-post"],"yoast_head":"<!-- This site is optimized with the Yoast SEO plugin v27.2 - https:\/\/yoast.com\/product\/yoast-seo-wordpress\/ -->\n<title>Fran\u00e7ois Duchesneau | Norea Capital<\/title>\n<meta name=\"robots\" content=\"noindex, nofollow\" \/>\n<meta property=\"og:locale\" content=\"en_US\" \/>\n<meta property=\"og:type\" content=\"article\" \/>\n<meta property=\"og:title\" content=\"Fran\u00e7ois Duchesneau | Norea Capital\" \/>\n<meta property=\"og:description\" content=\"Fran\u00e7ois Duchesneau Chief Financial Officer Fran\u00e7ois has over 25 years of experience in accounting, financial and strategic management, treasury, and financing. Fran\u00e7ois oversees all financial information activities of Norea, as well as investor relations. Before joining Norea, Fran\u00e7ois served as Director of Finance and Administration at Novacap. He previously held financial management positions in various [&hellip;]\" \/>\n<meta property=\"og:url\" content=\"https:\/\/noreacapital.ca\/en\/team\/francois-duchesneau\/\" \/>\n<meta property=\"og:site_name\" content=\"Norea Capital\" \/>\n<meta property=\"article:modified_time\" content=\"2024-03-22T15:57:51+00:00\" \/>\n<meta property=\"og:image\" content=\"https:\/\/noreacapital.ca\/wp-content\/uploads\/2024\/02\/Francois_Duchesneau-long-681x1024.jpg\" \/>\n<meta name=\"twitter:card\" content=\"summary_large_image\" \/>\n<script type=\"application\/ld+json\" class=\"yoast-schema-graph\">{\"@context\":\"https:\/\/schema.org\",\"@graph\":[{\"@type\":\"WebPage\",\"@id\":\"https:\/\/noreacapital.ca\/en\/team\/francois-duchesneau\/\",\"url\":\"https:\/\/noreacapital.ca\/en\/team\/francois-duchesneau\/\",\"name\":\"Fran\u00e7ois Duchesneau | Norea Capital\",\"isPartOf\":{\"@id\":\"https:\/\/noreacapital.ca\/en\/#website\"},\"primaryImageOfPage\":{\"@id\":\"https:\/\/noreacapital.ca\/en\/team\/francois-duchesneau\/#primaryimage\"},\"image\":{\"@id\":\"https:\/\/noreacapital.ca\/en\/team\/francois-duchesneau\/#primaryimage\"},\"thumbnailUrl\":\"https:\/\/noreacapital.ca\/wp-content\/uploads\/2024\/02\/Francois_Duchesneau-long-681x1024.jpg\",\"datePublished\":\"2024-02-14T19:20:03+00:00\",\"dateModified\":\"2024-03-22T15:57:51+00:00\",\"breadcrumb\":{\"@id\":\"https:\/\/noreacapital.ca\/en\/team\/francois-duchesneau\/#breadcrumb\"},\"inLanguage\":\"en-US\",\"potentialAction\":[{\"@type\":\"ReadAction\",\"target\":[\"https:\/\/noreacapital.ca\/en\/team\/francois-duchesneau\/\"]}]},{\"@type\":\"ImageObject\",\"inLanguage\":\"en-US\",\"@id\":\"https:\/\/noreacapital.ca\/en\/team\/francois-duchesneau\/#primaryimage\",\"url\":\"https:\/\/noreacapital.ca\/wp-content\/uploads\/2024\/02\/Francois_Duchesneau-long-681x1024.jpg\",\"contentUrl\":\"https:\/\/noreacapital.ca\/wp-content\/uploads\/2024\/02\/Francois_Duchesneau-long-681x1024.jpg\"},{\"@type\":\"BreadcrumbList\",\"@id\":\"https:\/\/noreacapital.ca\/en\/team\/francois-duchesneau\/#breadcrumb\",\"itemListElement\":[{\"@type\":\"ListItem\",\"position\":1,\"name\":\"Home\",\"item\":\"https:\/\/noreacapital.ca\/en\/\"},{\"@type\":\"ListItem\",\"position\":2,\"name\":\"Team\",\"item\":\"https:\/\/noreacapital.ca\/en\/team\/\"},{\"@type\":\"ListItem\",\"position\":3,\"name\":\"Fran\u00e7ois Duchesneau\"}]},{\"@type\":\"WebSite\",\"@id\":\"https:\/\/noreacapital.ca\/en\/#website\",\"url\":\"https:\/\/noreacapital.ca\/en\/\",\"name\":\"Norea Capital\",\"description\":\"\",\"publisher\":{\"@id\":\"https:\/\/noreacapital.ca\/en\/#organization\"},\"potentialAction\":[{\"@type\":\"SearchAction\",\"target\":{\"@type\":\"EntryPoint\",\"urlTemplate\":\"https:\/\/noreacapital.ca\/en\/?s={search_term_string}\"},\"query-input\":{\"@type\":\"PropertyValueSpecification\",\"valueRequired\":true,\"valueName\":\"search_term_string\"}}],\"inLanguage\":\"en-US\"},{\"@type\":\"Organization\",\"@id\":\"https:\/\/noreacapital.ca\/en\/#organization\",\"name\":\"Norea Capital\",\"url\":\"https:\/\/noreacapital.ca\/en\/\",\"logo\":{\"@type\":\"ImageObject\",\"inLanguage\":\"en-US\",\"@id\":\"https:\/\/noreacapital.ca\/en\/#\/schema\/logo\/image\/\",\"url\":\"https:\/\/noreacapital.ca\/wp-content\/uploads\/2024\/01\/1_header_logo.svg\",\"contentUrl\":\"https:\/\/noreacapital.ca\/wp-content\/uploads\/2024\/01\/1_header_logo.svg\",\"caption\":\"Norea Capital\"},\"image\":{\"@id\":\"https:\/\/noreacapital.ca\/en\/#\/schema\/logo\/image\/\"}}]}<\/script>\n<!-- \/ Yoast SEO plugin. -->","yoast_head_json":{"title":"Fran\u00e7ois Duchesneau | Norea Capital","robots":{"index":"noindex","follow":"nofollow"},"og_locale":"en_US","og_type":"article","og_title":"Fran\u00e7ois Duchesneau | Norea Capital","og_description":"Fran\u00e7ois Duchesneau Chief Financial Officer Fran\u00e7ois has over 25 years of experience in accounting, financial and strategic management, treasury, and financing. Fran\u00e7ois oversees all financial information activities of Norea, as well as investor relations. Before joining Norea, Fran\u00e7ois served as Director of Finance and Administration at Novacap. He previously held financial management positions in various [&hellip;]","og_url":"https:\/\/noreacapital.ca\/en\/team\/francois-duchesneau\/","og_site_name":"Norea Capital","article_modified_time":"2024-03-22T15:57:51+00:00","og_image":[{"url":"https:\/\/noreacapital.ca\/wp-content\/uploads\/2024\/02\/Francois_Duchesneau-long-681x1024.jpg","type":"","width":"","height":""}],"twitter_card":"summary_large_image","schema":{"@context":"https:\/\/schema.org","@graph":[{"@type":"WebPage","@id":"https:\/\/noreacapital.ca\/en\/team\/francois-duchesneau\/","url":"https:\/\/noreacapital.ca\/en\/team\/francois-duchesneau\/","name":"Fran\u00e7ois Duchesneau | Norea Capital","isPartOf":{"@id":"https:\/\/noreacapital.ca\/en\/#website"},"primaryImageOfPage":{"@id":"https:\/\/noreacapital.ca\/en\/team\/francois-duchesneau\/#primaryimage"},"image":{"@id":"https:\/\/noreacapital.ca\/en\/team\/francois-duchesneau\/#primaryimage"},"thumbnailUrl":"https:\/\/noreacapital.ca\/wp-content\/uploads\/2024\/02\/Francois_Duchesneau-long-681x1024.jpg","datePublished":"2024-02-14T19:20:03+00:00","dateModified":"2024-03-22T15:57:51+00:00","breadcrumb":{"@id":"https:\/\/noreacapital.ca\/en\/team\/francois-duchesneau\/#breadcrumb"},"inLanguage":"en-US","potentialAction":[{"@type":"ReadAction","target":["https:\/\/noreacapital.ca\/en\/team\/francois-duchesneau\/"]}]},{"@type":"ImageObject","inLanguage":"en-US","@id":"https:\/\/noreacapital.ca\/en\/team\/francois-duchesneau\/#primaryimage","url":"https:\/\/noreacapital.ca\/wp-content\/uploads\/2024\/02\/Francois_Duchesneau-long-681x1024.jpg","contentUrl":"https:\/\/noreacapital.ca\/wp-content\/uploads\/2024\/02\/Francois_Duchesneau-long-681x1024.jpg"},{"@type":"BreadcrumbList","@id":"https:\/\/noreacapital.ca\/en\/team\/francois-duchesneau\/#breadcrumb","itemListElement":[{"@type":"ListItem","position":1,"name":"Home","item":"https:\/\/noreacapital.ca\/en\/"},{"@type":"ListItem","position":2,"name":"Team","item":"https:\/\/noreacapital.ca\/en\/team\/"},{"@type":"ListItem","position":3,"name":"Fran\u00e7ois Duchesneau"}]},{"@type":"WebSite","@id":"https:\/\/noreacapital.ca\/en\/#website","url":"https:\/\/noreacapital.ca\/en\/","name":"Norea Capital","description":"","publisher":{"@id":"https:\/\/noreacapital.ca\/en\/#organization"},"potentialAction":[{"@type":"SearchAction","target":{"@type":"EntryPoint","urlTemplate":"https:\/\/noreacapital.ca\/en\/?s={search_term_string}"},"query-input":{"@type":"PropertyValueSpecification","valueRequired":true,"valueName":"search_term_string"}}],"inLanguage":"en-US"},{"@type":"Organization","@id":"https:\/\/noreacapital.ca\/en\/#organization","name":"Norea Capital","url":"https:\/\/noreacapital.ca\/en\/","logo":{"@type":"ImageObject","inLanguage":"en-US","@id":"https:\/\/noreacapital.ca\/en\/#\/schema\/logo\/image\/","url":"https:\/\/noreacapital.ca\/wp-content\/uploads\/2024\/01\/1_header_logo.svg","contentUrl":"https:\/\/noreacapital.ca\/wp-content\/uploads\/2024\/01\/1_header_logo.svg","caption":"Norea Capital"},"image":{"@id":"https:\/\/noreacapital.ca\/en\/#\/schema\/logo\/image\/"}}]}},"_links":{"self":[{"href":"https:\/\/noreacapital.ca\/en\/wp-json\/wp\/v2\/pages\/7226","targetHints":{"allow":["GET"]}}],"collection":[{"href":"https:\/\/noreacapital.ca\/en\/wp-json\/wp\/v2\/pages"}],"about":[{"href":"https:\/\/noreacapital.ca\/en\/wp-json\/wp\/v2\/types\/page"}],"author":[{"embeddable":true,"href":"https:\/\/noreacapital.ca\/en\/wp-json\/wp\/v2\/users\/2"}],"replies":[{"embeddable":true,"href":"https:\/\/noreacapital.ca\/en\/wp-json\/wp\/v2\/comments?post=7226"}],"version-history":[{"count":0,"href":"https:\/\/noreacapital.ca\/en\/wp-json\/wp\/v2\/pages\/7226\/revisions"}],"up":[{"embeddable":true,"href":"https:\/\/noreacapital.ca\/en\/wp-json\/wp\/v2\/pages\/7208"}],"wp:attachment":[{"href":"https:\/\/noreacapital.ca\/en\/wp-json\/wp\/v2\/media?parent=7226"}],"curies":[{"name":"wp","href":"https:\/\/api.w.org\/{rel}","templated":true}]}}